{"id":190,"date":"2020-11-26T20:47:45","date_gmt":"2020-11-26T20:47:45","guid":{"rendered":"https:\/\/geocore.atomki.hu\/celkituzeseink\/"},"modified":"2022-02-02T10:01:27","modified_gmt":"2022-02-02T10:01:27","slug":"objectives","status":"publish","type":"page","link":"https:\/\/geocore.atomki.hu\/en\/objectives\/","title":{"rendered":"Objectives"},"content":{"rendered":"<div class=\"wpb-content-wrapper\"><p>[vc_row][vc_column][vc_custom_heading source=&#8221;post_title&#8221; font_container=&#8221;tag:h3|text_align:left&#8221; use_theme_fonts=&#8221;yes&#8221;][vc_text_separator title=&#8221;LABORATORY&#8221; title_align=&#8221;separator_align_left&#8221; color=&#8221;custom&#8221; style=&#8221;dotted&#8221; border_width=&#8221;2&#8243; css_animation=&#8221;right-to-left&#8221; accent_color=&#8221;#b37a2b&#8221;][\/vc_column][\/vc_row][vc_row][vc_column][vc_column_text]<span style=\"color: #000000;\"><strong>The Mining and Geological Survey of Hungary along with its partner institutes (Applied Geological Research Institute of the Miskolc University and the Institute for Nuclear Research, Debrecen) has win a GINOP grant in 2017, supported by the European Union, in order to develop the drill core library in R\u00e1k\u00f3czib\u00e1nya with modern research infrastructure. The aim of the project is to establish a research lab where earth scientist, students and researchers may investigate the samples close to the library and gain the most relevant geological information on site.<\/strong><\/span>[\/vc_column_text][vc_column_text]The Institute for Nuclear Research is contributing to the project with the acquisition of a multicollector noble gas mass spectrometer and the development of a gas cleaning line and furnace systems. The new instrument and the attached peripheries allow the extension of the age limits of the K\/Ar method, offer high precision measurements as well as the analysis of various noble gases with masses up to 100.[\/vc_column_text][\/vc_column][\/vc_row][vc_row][vc_column width=&#8221;1\/3&#8243;]<div class=\"counter counter_vertical animate-math\"><div class=\"icon_wrapper\"><i class=\"icon-params-line\" style=\"color:#b37a2b;\" aria-hidden=\"true\"><\/i><\/div><div class=\"desc_wrapper\"><div class=\"number-wrapper\"><span class=\"number\" data-to=\"99\"  >99<\/span><\/div><p class=\"title \"><b>\u00daj m\u0171szer beszerz\u00e9se<\/b>(ebb\u0151l m\u00e1r beszerzett: 5 db)<\/p><\/div><\/div>\n[\/vc_column][vc_column width=&#8221;1\/3&#8243;]<div class=\"counter counter_vertical animate-math\"><div class=\"icon_wrapper\"><i class=\"icon-doc-line\" style=\"color:#b37a2b;\" aria-hidden=\"true\"><\/i><\/div><div class=\"desc_wrapper\"><div class=\"number-wrapper\"><span class=\"number\" data-to=\"99\"  >99<\/span><\/div><p class=\"title \"><b>Publik\u00e1ci\u00f3<\/b><\/p><\/div><\/div>\n[\/vc_column][vc_column width=&#8221;1\/3&#8243;]<div class=\"counter counter_vertical animate-math\"><div class=\"icon_wrapper\"><i class=\"icon-link\" style=\"color:#b37a2b;\" aria-hidden=\"true\"><\/i><\/div><div class=\"desc_wrapper\"><div class=\"number-wrapper\"><span class=\"number\" data-to=\"99\"  >99<\/span><\/div><p class=\"title \"><b>Bekapcsol\u00f3d\u00e1s nemzetk\u00f6zi kutat\u00e1si h\u00e1l\u00f3zatokba<\/b>(m\u00e1r bel\u00e9pt\u00fcnk: 2 db,folyamatban van: 1 db)<\/p><\/div><\/div>\n[\/vc_column][\/vc_row][vc_row][vc_column width=&#8221;1\/3&#8243;]<div class=\"counter counter_vertical animate-math\"><div class=\"icon_wrapper\"><i class=\"icon-user-add\" style=\"color:#b37a2b;\" aria-hidden=\"true\"><\/i><\/div><div class=\"desc_wrapper\"><div class=\"number-wrapper\"><span class=\"number\" data-to=\"99\"  >99<\/span><\/div><p class=\"title \"><b>Kutat\u00e1si lehet\u0151s\u00e9g biztos\u00edt\u00e1sa k\u00fcls\u0151 kutat\u00f3csoportok sz\u00e1m\u00e1ra<\/b>(m\u00e1r biztos\u00edtottunk: 2 db)<\/p><\/div><\/div>\n[\/vc_column][vc_column width=&#8221;1\/3&#8243;][\/vc_column][vc_column width=&#8221;1\/3&#8243;][\/vc_column][\/vc_row]<\/p>\n<\/div>","protected":false},"excerpt":{"rendered":"<p>[vc_row][vc_column][vc_custom_heading source=&#8221;post_title&#8221; font_container=&#8221;tag:h3|text_align:left&#8221; use_theme_fonts=&#8221;yes&#8221;][vc_text_separator title=&#8221;LABORATORY&#8221; title_align=&#8221;separator_align_left&#8221; color=&#8221;custom&#8221; style=&#8221;dotted&#8221; border_width=&#8221;2&#8243; css_animation=&#8221;right-to-left&#8221; accent_color=&#8221;#b37a2b&#8221;][\/vc_column][\/vc_row][vc_row][vc_column][vc_column_text]The Mining and Geological Survey of Hungary along with its partner institutes (Applied Geological Research Institute<span class=\"excerpt-hellip\"> [\u2026]<\/span><\/p>\n","protected":false},"author":1,"featured_media":69,"parent":0,"menu_order":0,"comment_status":"closed","ping_status":"closed","template":"","meta":{"inline_featured_image":false,"footnotes":""},"class_list":["post-190","page","type-page","status-publish","has-post-thumbnail","hentry"],"_links":{"self":[{"href":"https:\/\/geocore.atomki.hu\/en\/wp-json\/wp\/v2\/pages\/190","targetHints":{"allow":["GET"]}}],"collection":[{"href":"https:\/\/geocore.atomki.hu\/en\/wp-json\/wp\/v2\/pages"}],"about":[{"href":"https:\/\/geocore.atomki.hu\/en\/wp-json\/wp\/v2\/types\/page"}],"author":[{"embeddable":true,"href":"https:\/\/geocore.atomki.hu\/en\/wp-json\/wp\/v2\/users\/1"}],"replies":[{"embeddable":true,"href":"https:\/\/geocore.atomki.hu\/en\/wp-json\/wp\/v2\/comments?post=190"}],"version-history":[{"count":5,"href":"https:\/\/geocore.atomki.hu\/en\/wp-json\/wp\/v2\/pages\/190\/revisions"}],"predecessor-version":[{"id":361,"href":"https:\/\/geocore.atomki.hu\/en\/wp-json\/wp\/v2\/pages\/190\/revisions\/361"}],"wp:featuredmedia":[{"embeddable":true,"href":"https:\/\/geocore.atomki.hu\/en\/wp-json\/wp\/v2\/media\/69"}],"wp:attachment":[{"href":"https:\/\/geocore.atomki.hu\/en\/wp-json\/wp\/v2\/media?parent=190"}],"curies":[{"name":"wp","href":"https:\/\/api.w.org\/{rel}","templated":true}]}}